{"id":29,"date":"2019-02-20T10:17:29","date_gmt":"2019-02-20T09:17:29","guid":{"rendered":"http:\/\/rare-archive.univ-avignon.fr\/?page_id=29"},"modified":"2019-04-12T11:19:51","modified_gmt":"2019-04-12T09:19:51","slug":"services","status":"publish","type":"page","link":"https:\/\/rare.univ-avignon.fr\/?page_id=29","title":{"rendered":"Services"},"content":{"rendered":"<h2>N\u0153ud RENATER<\/h2>\n<p>L&rsquo;Universit\u00e9 d&rsquo;Avignon h\u00e9berge un Noeud RENATER (NR)\u00a0sur le campus Hannah Arendt (sites du\u00a0centre ville).<\/p>\n<p>RARE est raccord\u00e9 sur ce NR pour assurer sa connectivit\u00e9 au r\u00e9seau RENATER.<\/p>\n<p>D&rsquo;autres ayants droit utilisent le NR directement, sans passer par RARE.<\/p>\n<p>Il s&rsquo;agit de :<\/p>\n<ul>\n<li>Les lyc\u00e9es de l&rsquo;agglom\u00e9ration d&rsquo;Avignon (r\u00e9gion PACA) via le MAN<\/li>\n<li>Le CEA Marcoule via une liaison OBS<\/li>\n<\/ul>\n<p>&nbsp;<\/p>\n<h2 class=\"western\">R\u00e9seau Interminist\u00e9riel de l\u2019\u00c9tat (RIE)<\/h2>\n<p>\u00c0 l&rsquo;origine, ce r\u00e9seau distinct d&rsquo;Internet raccordait les minist\u00e8res. Depuis, il a pour vocation d&rsquo;h\u00e9berger l&rsquo;ensemble des services num\u00e9riques de l&rsquo;\u00c9tat et de raccorder l&rsquo;ensemble des acteurs les manipulant. Certains services sont amen\u00e9s \u00e0 \u00eatre disponibles sur ce seul canal, comme l&rsquo;Outil de r\u00e9daction des march\u00e9s de l\u2019Etat (ORME). Pour plus d&rsquo;informations :\u00a0<a href=\"https:\/\/www.renater.fr\/le-service-partenaire-rie-qu-est-ce-que-c-est\" target=\"_blank\" rel=\"noopener noreferrer\">RIE, qu&rsquo;est-ce que c&rsquo;est ?<\/a><\/p>\n<p>RENATER propose un acc\u00e8s RIE depuis ses NR. C&rsquo;est le service \u00ab\u00a0<a href=\"https:\/\/services.renater.fr\/acces_partenaire_rie\/index\" target=\"_blank\" rel=\"noopener noreferrer\">partenaire RIE<\/a>\u00a0\u00bb.<\/p>\n<p>RARE dispose d&rsquo;un collecteur RIE qui centralise la configuration pour les membres RARE, ce qui dispensent ces derniers d&rsquo;effectuer l&rsquo;essentiel de la configuration de leurs \u00e9quipements.<\/p>\n<p>Tout membre RARE sous convention avec RENATER peut disposer d&rsquo;un acc\u00e8s au RIE via le collecteur RARE. Pour ce faire, il faut remplir le formulaire RENATER (lien ci-dessus) en pr\u00e9cisant bien que le raccordement se fera par le collecteur RARE du NR d&rsquo;Avignon. Apr\u00e8s l\u2019aval du SCN RIE (autorit\u00e9 comp\u00e9tente), l&rsquo;Universit\u00e9 d&rsquo;Avignon effectuera la configuration.<\/p>\n","protected":false},"excerpt":{"rendered":"<p>N\u0153ud RENATER L&rsquo;Universit\u00e9 d&rsquo;Avignon h\u00e9berge un Noeud RENATER (NR)\u00a0sur le campus Hannah Arendt (sites du\u00a0centre ville). RARE est raccord\u00e9 sur ce NR pour assurer sa connectivit\u00e9 au r\u00e9seau RENATER. D&rsquo;autres ayants droit utilisent le NR directement, sans passer par RARE. Il s&rsquo;agit de : Les lyc\u00e9es de l&rsquo;agglom\u00e9ration d&rsquo;Avignon (r\u00e9gion PACA) via le MAN Le&#8230;<\/p>\n","protected":false},"author":127,"featured_media":0,"parent":0,"menu_order":0,"comment_status":"closed","ping_status":"closed","template":"page-templates\/full-width.php","meta":{"footnotes":""},"class_list":["post-29","page","type-page","status-publish","hentry"],"_links":{"self":[{"href":"https:\/\/rare.univ-avignon.fr\/index.php?rest_route=\/wp\/v2\/pages\/29","targetHints":{"allow":["GET"]}}],"collection":[{"href":"https:\/\/rare.univ-avignon.fr\/index.php?rest_route=\/wp\/v2\/pages"}],"about":[{"href":"https:\/\/rare.univ-avignon.fr\/index.php?rest_route=\/wp\/v2\/types\/page"}],"author":[{"embeddable":true,"href":"https:\/\/rare.univ-avignon.fr\/index.php?rest_route=\/wp\/v2\/users\/127"}],"replies":[{"embeddable":true,"href":"https:\/\/rare.univ-avignon.fr\/index.php?rest_route=%2Fwp%2Fv2%2Fcomments&post=29"}],"version-history":[{"count":4,"href":"https:\/\/rare.univ-avignon.fr\/index.php?rest_route=\/wp\/v2\/pages\/29\/revisions"}],"predecessor-version":[{"id":73,"href":"https:\/\/rare.univ-avignon.fr\/index.php?rest_route=\/wp\/v2\/pages\/29\/revisions\/73"}],"wp:attachment":[{"href":"https:\/\/rare.univ-avignon.fr\/index.php?rest_route=%2Fwp%2Fv2%2Fmedia&parent=29"}],"curies":[{"name":"wp","href":"https:\/\/api.w.org\/{rel}","templated":true}]}}