{"id":162,"date":"2019-05-20T10:59:16","date_gmt":"2019-05-20T08:59:16","guid":{"rendered":"https:\/\/rare.univ-avignon.fr\/?page_id=162"},"modified":"2019-05-27T09:34:21","modified_gmt":"2019-05-27T07:34:21","slug":"ressources","status":"publish","type":"page","link":"https:\/\/rare.univ-avignon.fr\/?page_id=162","title":{"rendered":"Ressources"},"content":{"rendered":"<h2>Quelques chiffres<\/h2>\n<p>Nombre de brins du MAN : 4 (2 boucles optiques qui incluent la deuxi\u00e8me adduction du NR via Cadarache)<br \/>\nLongueur cumul\u00e9e des boucles optiques : 83 km (50+33)<br \/>\nCo\u00fbt du MAN (fibres noires mises \u00e0 disposition sans limites de date via GFU) : 565 K\u20ac<br \/>\nCo\u00fbt du NR : 735 K\u20ac pour 10 ans (\u00e9ch\u00e9ance d\u00e9cembre 2021)<br \/>\nCo\u00fbt du mat\u00e9riel de l&rsquo;installation 2013 : 94 k\u20ac<br \/>\nFrais d&rsquo;installation de 2013 : 40 k\u20ac<br \/>\nCo\u00fbt r\u00e9current d&rsquo;exploitation 2013-2018 : 28 k\u20ac \/an<\/p>\n<h2>Estimation du nombre d&rsquo;utilisateurs<\/h2>\n<ul>\n<li><strong>Total : 32 680<\/strong>\n<ul>\n<li>Universit\u00e9 : 8 000<\/li>\n<li>INRA : 800<\/li>\n<li>Inspection Acad\u00e9mique : 50<\/li>\n<li>ESPE : 500<\/li>\n<li>ISEMA : 300<\/li>\n<li>CROUS : 30<\/li>\n<li>CD 84 : 23 000 \u00e9l\u00e8ves (37 coll\u00e8ges publics) (chiffres 2018)<\/li>\n<\/ul>\n<\/li>\n<\/ul>\n<p>&nbsp;<\/p>\n","protected":false},"excerpt":{"rendered":"<p>Quelques chiffres Nombre de brins du MAN : 4 (2 boucles optiques qui incluent la deuxi\u00e8me adduction du NR via Cadarache) Longueur cumul\u00e9e des boucles optiques : 83 km (50+33) Co\u00fbt du MAN (fibres noires mises \u00e0 disposition sans limites de date via GFU) : 565 K\u20ac Co\u00fbt du NR : 735 K\u20ac pour 10&#8230;<\/p>\n","protected":false},"author":127,"featured_media":0,"parent":0,"menu_order":0,"comment_status":"closed","ping_status":"closed","template":"","meta":{"footnotes":""},"class_list":["post-162","page","type-page","status-publish","hentry"],"_links":{"self":[{"href":"https:\/\/rare.univ-avignon.fr\/index.php?rest_route=\/wp\/v2\/pages\/162","targetHints":{"allow":["GET"]}}],"collection":[{"href":"https:\/\/rare.univ-avignon.fr\/index.php?rest_route=\/wp\/v2\/pages"}],"about":[{"href":"https:\/\/rare.univ-avignon.fr\/index.php?rest_route=\/wp\/v2\/types\/page"}],"author":[{"embeddable":true,"href":"https:\/\/rare.univ-avignon.fr\/index.php?rest_route=\/wp\/v2\/users\/127"}],"replies":[{"embeddable":true,"href":"https:\/\/rare.univ-avignon.fr\/index.php?rest_route=%2Fwp%2Fv2%2Fcomments&post=162"}],"version-history":[{"count":4,"href":"https:\/\/rare.univ-avignon.fr\/index.php?rest_route=\/wp\/v2\/pages\/162\/revisions"}],"predecessor-version":[{"id":167,"href":"https:\/\/rare.univ-avignon.fr\/index.php?rest_route=\/wp\/v2\/pages\/162\/revisions\/167"}],"wp:attachment":[{"href":"https:\/\/rare.univ-avignon.fr\/index.php?rest_route=%2Fwp%2Fv2%2Fmedia&parent=162"}],"curies":[{"name":"wp","href":"https:\/\/api.w.org\/{rel}","templated":true}]}}