{"id":117,"date":"2019-04-12T10:41:21","date_gmt":"2019-04-12T08:41:21","guid":{"rendered":"http:\/\/rare.univ-avignon.fr\/?page_id=117"},"modified":"2025-09-26T18:53:11","modified_gmt":"2025-09-26T16:53:11","slug":"accueil","status":"publish","type":"page","link":"https:\/\/rare.univ-avignon.fr\/","title":{"rendered":"Accueil"},"content":{"rendered":"\t\t<div data-elementor-type=\"wp-post\" data-elementor-id=\"117\" class=\"elementor elementor-117\">\n\t\t\t\t\t\t<section class=\"elementor-section elementor-top-section elementor-element elementor-element-19be8087 elementor-section-boxed elementor-section-height-default elementor-section-height-default\" data-id=\"19be8087\" data-element_type=\"section\" data-e-type=\"section\">\n\t\t\t\t\t\t<div class=\"elementor-container elementor-column-gap-default\">\n\t\t\t\t\t<div class=\"elementor-column elementor-col-100 elementor-top-column elementor-element elementor-element-4c4d61a8\" data-id=\"4c4d61a8\" data-element_type=\"column\" data-e-type=\"column\">\n\t\t\t<div class=\"elementor-widget-wrap elementor-element-populated\">\n\t\t\t\t\t\t<div class=\"elementor-element elementor-element-68ee0c5a elementor-widget elementor-widget-text-editor\" data-id=\"68ee0c5a\" data-element_type=\"widget\" data-e-type=\"widget\" data-widget_type=\"text-editor.default\">\n\t\t\t\t<div class=\"elementor-widget-container\">\n\t\t\t\t\t\t\t\t\t<p>RARE, le R\u00e9seau Avignonnais pour la Recherche et l&rsquo;Enseignement permet de f\u00e9d\u00e9rer les infrastructures de t\u00e9l\u00e9communication pour la communaut\u00e9 recherche \/ enseignement sur Avignon et les pays de Vaucluse.<\/p>\n<p>Les \u00e9tablissements d&rsquo;Avignon Universit\u00e9, de l&rsquo;Acad\u00e9mie d&rsquo;Aix-Marseille, de Aix Marseille Universit\u00e9 (AMU), de l&rsquo;institut national de la recherche pour l&rsquo;agriculture, l&rsquo;alimentation et l&rsquo;environnement (INRAE), du CROUS Aix Marseille-Avignon, de l&rsquo;\u00c9cole Sup\u00e9rieure de Commerce des Industries Alimentaires (ISARA-ISEMA), du d\u00e9partement de Vaucluse (coll\u00e8ges), de la R\u00e9gion Sud (Lyc\u00e9es) et du CEA partagent cette infrastructure qui fournit un raccordement des sites \u00e0 RENATER pour la connexion nationale et internationale.<\/p>\n<p>La r\u00e9gion Provence Alpes C\u00f4te d&rsquo;Azur et le Fonds Europ\u00e9en de D\u00e9veloppement R\u00e9gional (FEDER) soutiennent ce projet.<\/p>\n<p>L&rsquo;Universit\u00e9 d&rsquo;Avignon est ma\u00eetre d&rsquo;ouvrage.<\/p>\t\t\t\t\t\t\t\t<\/div>\n\t\t\t\t<\/div>\n\t\t\t\t\t<\/div>\n\t\t<\/div>\n\t\t\t\t\t<\/div>\n\t\t<\/section>\n\t\t\t\t<section class=\"elementor-section elementor-top-section elementor-element elementor-element-b435fb2 elementor-section-boxed elementor-section-height-default elementor-section-height-default\" data-id=\"b435fb2\" data-element_type=\"section\" data-e-type=\"section\">\n\t\t\t\t\t\t<div class=\"elementor-container elementor-column-gap-default\">\n\t\t\t\t\t<div class=\"elementor-column elementor-col-11 elementor-top-column elementor-element elementor-element-c2e3e6a\" data-id=\"c2e3e6a\" data-element_type=\"column\" data-e-type=\"column\">\n\t\t\t<div class=\"elementor-widget-wrap elementor-element-populated\">\n\t\t\t\t\t\t<div class=\"elementor-element elementor-element-e1ecdf6 elementor-widget elementor-widget-image\" data-id=\"e1ecdf6\" data-element_type=\"widget\" data-e-type=\"widget\" data-widget_type=\"image.default\">\n\t\t\t\t<div class=\"elementor-widget-container\">\n\t\t\t\t\t\t\t\t\t\t\t\t\t\t\t<img fetchpriority=\"high\" decoding=\"async\" width=\"291\" height=\"359\" src=\"https:\/\/rare.univ-avignon.fr\/wp-content\/uploads\/sites\/18\/2019\/04\/logo_uapv.png\" class=\"attachment-large size-large wp-image-62\" alt=\"\" srcset=\"https:\/\/rare.univ-avignon.fr\/wp-content\/uploads\/sites\/18\/2019\/04\/logo_uapv.png 291w, https:\/\/rare.univ-avignon.fr\/wp-content\/uploads\/sites\/18\/2019\/04\/logo_uapv-243x300.png 243w\" sizes=\"(max-width: 291px) 100vw, 291px\" \/>\t\t\t\t\t\t\t\t\t\t\t\t\t\t\t<\/div>\n\t\t\t\t<\/div>\n\t\t\t\t\t<\/div>\n\t\t<\/div>\n\t\t\t\t<div class=\"elementor-column elementor-col-11 elementor-top-column elementor-element elementor-element-0bbd50d\" data-id=\"0bbd50d\" data-element_type=\"column\" data-e-type=\"column\">\n\t\t\t<div class=\"elementor-widget-wrap elementor-element-populated\">\n\t\t\t\t\t\t<div class=\"elementor-element elementor-element-411238f elementor-widget elementor-widget-image\" data-id=\"411238f\" data-element_type=\"widget\" data-e-type=\"widget\" data-widget_type=\"image.default\">\n\t\t\t\t<div class=\"elementor-widget-container\">\n\t\t\t\t\t\t\t\t\t\t\t\t\t\t\t<img decoding=\"async\" width=\"288\" height=\"156\" src=\"https:\/\/rare.univ-avignon.fr\/wp-content\/uploads\/sites\/18\/2019\/04\/aca.png\" class=\"attachment-medium size-medium wp-image-59\" alt=\"\" \/>\t\t\t\t\t\t\t\t\t\t\t\t\t\t\t<\/div>\n\t\t\t\t<\/div>\n\t\t\t\t\t<\/div>\n\t\t<\/div>\n\t\t\t\t<div class=\"elementor-column elementor-col-11 elementor-top-column elementor-element elementor-element-8db2ba6\" data-id=\"8db2ba6\" data-element_type=\"column\" data-e-type=\"column\">\n\t\t\t<div class=\"elementor-widget-wrap elementor-element-populated\">\n\t\t\t\t\t\t<div class=\"elementor-element elementor-element-59c8045 elementor-widget elementor-widget-image\" data-id=\"59c8045\" data-element_type=\"widget\" data-e-type=\"widget\" data-widget_type=\"image.default\">\n\t\t\t\t<div class=\"elementor-widget-container\">\n\t\t\t\t\t\t\t\t\t\t\t\t\t\t\t<img decoding=\"async\" width=\"375\" height=\"134\" src=\"https:\/\/rare.univ-avignon.fr\/wp-content\/uploads\/sites\/18\/2019\/04\/amu.jpeg\" class=\"attachment-large size-large wp-image-63\" alt=\"\" srcset=\"https:\/\/rare.univ-avignon.fr\/wp-content\/uploads\/sites\/18\/2019\/04\/amu.jpeg 375w, https:\/\/rare.univ-avignon.fr\/wp-content\/uploads\/sites\/18\/2019\/04\/amu-300x107.jpeg 300w\" sizes=\"(max-width: 375px) 100vw, 375px\" \/>\t\t\t\t\t\t\t\t\t\t\t\t\t\t\t<\/div>\n\t\t\t\t<\/div>\n\t\t\t\t\t<\/div>\n\t\t<\/div>\n\t\t\t\t<div class=\"elementor-column elementor-col-11 elementor-top-column elementor-element elementor-element-daf1d93\" data-id=\"daf1d93\" data-element_type=\"column\" data-e-type=\"column\">\n\t\t\t<div class=\"elementor-widget-wrap elementor-element-populated\">\n\t\t\t\t\t\t<div class=\"elementor-element elementor-element-900164f elementor-widget elementor-widget-image\" data-id=\"900164f\" data-element_type=\"widget\" data-e-type=\"widget\" data-widget_type=\"image.default\">\n\t\t\t\t<div class=\"elementor-widget-container\">\n\t\t\t\t\t\t\t\t\t\t\t\t\t\t\t<img loading=\"lazy\" decoding=\"async\" width=\"512\" height=\"512\" src=\"https:\/\/rare.univ-avignon.fr\/wp-content\/uploads\/sites\/18\/2023\/11\/cea_logo.jpg\" class=\"attachment-full size-full wp-image-293\" alt=\"\" srcset=\"https:\/\/rare.univ-avignon.fr\/wp-content\/uploads\/sites\/18\/2023\/11\/cea_logo.jpg 512w, https:\/\/rare.univ-avignon.fr\/wp-content\/uploads\/sites\/18\/2023\/11\/cea_logo-300x300.jpg 300w, https:\/\/rare.univ-avignon.fr\/wp-content\/uploads\/sites\/18\/2023\/11\/cea_logo-150x150.jpg 150w, https:\/\/rare.univ-avignon.fr\/wp-content\/uploads\/sites\/18\/2023\/11\/cea_logo-1x1.jpg 1w\" sizes=\"(max-width: 512px) 100vw, 512px\" \/>\t\t\t\t\t\t\t\t\t\t\t\t\t\t\t<\/div>\n\t\t\t\t<\/div>\n\t\t\t\t\t<\/div>\n\t\t<\/div>\n\t\t\t\t<div class=\"elementor-column elementor-col-11 elementor-top-column elementor-element elementor-element-df9210b\" data-id=\"df9210b\" data-element_type=\"column\" data-e-type=\"column\">\n\t\t\t<div class=\"elementor-widget-wrap elementor-element-populated\">\n\t\t\t\t\t\t<div class=\"elementor-element elementor-element-53a95f8 elementor-widget elementor-widget-image\" data-id=\"53a95f8\" data-element_type=\"widget\" data-e-type=\"widget\" data-widget_type=\"image.default\">\n\t\t\t\t<div class=\"elementor-widget-container\">\n\t\t\t\t\t\t\t\t\t\t\t\t\t\t\t<img loading=\"lazy\" decoding=\"async\" width=\"148\" height=\"148\" src=\"https:\/\/rare.univ-avignon.fr\/wp-content\/uploads\/sites\/18\/2019\/04\/Crous-logo-marseille-e1446716303252.jpg\" class=\"attachment-large size-large wp-image-52\" alt=\"\" \/>\t\t\t\t\t\t\t\t\t\t\t\t\t\t\t<\/div>\n\t\t\t\t<\/div>\n\t\t\t\t\t<\/div>\n\t\t<\/div>\n\t\t\t\t<div class=\"elementor-column elementor-col-11 elementor-top-column elementor-element elementor-element-1e695bc\" data-id=\"1e695bc\" data-element_type=\"column\" data-e-type=\"column\">\n\t\t\t<div class=\"elementor-widget-wrap elementor-element-populated\">\n\t\t\t\t\t\t<div class=\"elementor-element elementor-element-98990f9 elementor-widget elementor-widget-image\" data-id=\"98990f9\" data-element_type=\"widget\" data-e-type=\"widget\" data-widget_type=\"image.default\">\n\t\t\t\t<div class=\"elementor-widget-container\">\n\t\t\t\t\t\t\t\t\t\t\t\t\t\t\t<img loading=\"lazy\" decoding=\"async\" width=\"400\" height=\"102\" src=\"https:\/\/rare.univ-avignon.fr\/wp-content\/uploads\/sites\/18\/2022\/06\/logo_inrae.png\" class=\"attachment-large size-large wp-image-273\" alt=\"\" srcset=\"https:\/\/rare.univ-avignon.fr\/wp-content\/uploads\/sites\/18\/2022\/06\/logo_inrae.png 400w, https:\/\/rare.univ-avignon.fr\/wp-content\/uploads\/sites\/18\/2022\/06\/logo_inrae-300x77.png 300w, https:\/\/rare.univ-avignon.fr\/wp-content\/uploads\/sites\/18\/2022\/06\/logo_inrae-4x1.png 4w\" sizes=\"(max-width: 400px) 100vw, 400px\" \/>\t\t\t\t\t\t\t\t\t\t\t\t\t\t\t<\/div>\n\t\t\t\t<\/div>\n\t\t\t\t\t<\/div>\n\t\t<\/div>\n\t\t\t\t<div class=\"elementor-column elementor-col-11 elementor-top-column elementor-element elementor-element-02b1c67\" data-id=\"02b1c67\" data-element_type=\"column\" data-e-type=\"column\">\n\t\t\t<div class=\"elementor-widget-wrap elementor-element-populated\">\n\t\t\t\t\t\t<div class=\"elementor-element elementor-element-616ea11 elementor-widget elementor-widget-image\" data-id=\"616ea11\" data-element_type=\"widget\" data-e-type=\"widget\" data-widget_type=\"image.default\">\n\t\t\t\t<div class=\"elementor-widget-container\">\n\t\t\t\t\t\t\t\t\t\t\t\t\t\t\t<img loading=\"lazy\" decoding=\"async\" width=\"350\" height=\"142\" src=\"https:\/\/rare.univ-avignon.fr\/wp-content\/uploads\/sites\/18\/2023\/11\/isema_logo.jpg\" class=\"attachment-large size-large wp-image-299\" alt=\"\" srcset=\"https:\/\/rare.univ-avignon.fr\/wp-content\/uploads\/sites\/18\/2023\/11\/isema_logo.jpg 350w, https:\/\/rare.univ-avignon.fr\/wp-content\/uploads\/sites\/18\/2023\/11\/isema_logo-300x122.jpg 300w, https:\/\/rare.univ-avignon.fr\/wp-content\/uploads\/sites\/18\/2023\/11\/isema_logo-2x1.jpg 2w\" sizes=\"(max-width: 350px) 100vw, 350px\" \/>\t\t\t\t\t\t\t\t\t\t\t\t\t\t\t<\/div>\n\t\t\t\t<\/div>\n\t\t\t\t\t<\/div>\n\t\t<\/div>\n\t\t\t\t<div class=\"elementor-column elementor-col-11 elementor-top-column elementor-element elementor-element-4411878\" data-id=\"4411878\" data-element_type=\"column\" data-e-type=\"column\">\n\t\t\t<div class=\"elementor-widget-wrap elementor-element-populated\">\n\t\t\t\t\t\t<div class=\"elementor-element elementor-element-543e89b elementor-widget elementor-widget-image\" data-id=\"543e89b\" data-element_type=\"widget\" data-e-type=\"widget\" data-widget_type=\"image.default\">\n\t\t\t\t<div class=\"elementor-widget-container\">\n\t\t\t\t\t\t\t\t\t\t\t\t\t\t\t<img loading=\"lazy\" decoding=\"async\" width=\"150\" height=\"81\" src=\"https:\/\/rare.univ-avignon.fr\/wp-content\/uploads\/sites\/18\/2023\/11\/region_sud_logo.png\" class=\"attachment-large size-large wp-image-294\" alt=\"\" srcset=\"https:\/\/rare.univ-avignon.fr\/wp-content\/uploads\/sites\/18\/2023\/11\/region_sud_logo.png 150w, https:\/\/rare.univ-avignon.fr\/wp-content\/uploads\/sites\/18\/2023\/11\/region_sud_logo-2x1.png 2w\" sizes=\"(max-width: 150px) 100vw, 150px\" \/>\t\t\t\t\t\t\t\t\t\t\t\t\t\t\t<\/div>\n\t\t\t\t<\/div>\n\t\t\t\t\t<\/div>\n\t\t<\/div>\n\t\t\t\t<div class=\"elementor-column elementor-col-11 elementor-top-column elementor-element elementor-element-11c481f\" data-id=\"11c481f\" data-element_type=\"column\" data-e-type=\"column\">\n\t\t\t<div class=\"elementor-widget-wrap elementor-element-populated\">\n\t\t\t\t\t\t<div class=\"elementor-element elementor-element-b1d3e1d elementor-widget elementor-widget-image\" data-id=\"b1d3e1d\" data-element_type=\"widget\" data-e-type=\"widget\" data-widget_type=\"image.default\">\n\t\t\t\t<div class=\"elementor-widget-container\">\n\t\t\t\t\t\t\t\t\t\t\t\t\t\t\t<img loading=\"lazy\" decoding=\"async\" width=\"654\" height=\"219\" src=\"https:\/\/rare.univ-avignon.fr\/wp-content\/uploads\/sites\/18\/2019\/04\/Logo_84_vaucluse.jpg\" class=\"attachment-large size-large wp-image-54\" alt=\"Logo du CD84\" srcset=\"https:\/\/rare.univ-avignon.fr\/wp-content\/uploads\/sites\/18\/2019\/04\/Logo_84_vaucluse.jpg 912w, https:\/\/rare.univ-avignon.fr\/wp-content\/uploads\/sites\/18\/2019\/04\/Logo_84_vaucluse-300x101.jpg 300w, https:\/\/rare.univ-avignon.fr\/wp-content\/uploads\/sites\/18\/2019\/04\/Logo_84_vaucluse-768x258.jpg 768w\" sizes=\"(max-width: 654px) 100vw, 654px\" \/>\t\t\t\t\t\t\t\t\t\t\t\t\t\t\t<\/div>\n\t\t\t\t<\/div>\n\t\t\t\t\t<\/div>\n\t\t<\/div>\n\t\t\t\t\t<\/div>\n\t\t<\/section>\n\t\t\t\t<section class=\"elementor-section elementor-top-section elementor-element elementor-element-399eae7 elementor-section-boxed elementor-section-height-default elementor-section-height-default\" data-id=\"399eae7\" data-element_type=\"section\" data-e-type=\"section\">\n\t\t\t\t\t\t<div class=\"elementor-container elementor-column-gap-default\">\n\t\t\t\t\t<div class=\"elementor-column elementor-col-20 elementor-top-column elementor-element elementor-element-de3b97c\" data-id=\"de3b97c\" data-element_type=\"column\" data-e-type=\"column\">\n\t\t\t<div class=\"elementor-widget-wrap elementor-element-populated\">\n\t\t\t\t\t\t<div class=\"elementor-element elementor-element-3fc4670 elementor-widget elementor-widget-image\" data-id=\"3fc4670\" data-element_type=\"widget\" data-e-type=\"widget\" data-widget_type=\"image.default\">\n\t\t\t\t<div class=\"elementor-widget-container\">\n\t\t\t\t\t\t\t\t\t\t\t\t\t\t\t<img loading=\"lazy\" decoding=\"async\" width=\"284\" height=\"179\" src=\"https:\/\/rare.univ-avignon.fr\/wp-content\/uploads\/sites\/18\/2019\/04\/feder.png\" class=\"attachment-large size-large wp-image-58\" alt=\"\" \/>\t\t\t\t\t\t\t\t\t\t\t\t\t\t\t<\/div>\n\t\t\t\t<\/div>\n\t\t\t\t\t<\/div>\n\t\t<\/div>\n\t\t\t\t<div class=\"elementor-column elementor-col-20 elementor-top-column elementor-element elementor-element-21b77ea\" data-id=\"21b77ea\" data-element_type=\"column\" data-e-type=\"column\">\n\t\t\t<div class=\"elementor-widget-wrap elementor-element-populated\">\n\t\t\t\t\t\t<div class=\"elementor-element elementor-element-a384108 elementor-widget elementor-widget-image\" data-id=\"a384108\" data-element_type=\"widget\" data-e-type=\"widget\" data-widget_type=\"image.default\">\n\t\t\t\t<div class=\"elementor-widget-container\">\n\t\t\t\t\t\t\t\t\t\t\t\t\t\t\t<img loading=\"lazy\" decoding=\"async\" width=\"150\" height=\"81\" src=\"https:\/\/rare.univ-avignon.fr\/wp-content\/uploads\/sites\/18\/2023\/11\/region_sud_logo.png\" class=\"attachment-large size-large wp-image-294\" alt=\"\" srcset=\"https:\/\/rare.univ-avignon.fr\/wp-content\/uploads\/sites\/18\/2023\/11\/region_sud_logo.png 150w, https:\/\/rare.univ-avignon.fr\/wp-content\/uploads\/sites\/18\/2023\/11\/region_sud_logo-2x1.png 2w\" sizes=\"(max-width: 150px) 100vw, 150px\" \/>\t\t\t\t\t\t\t\t\t\t\t\t\t\t\t<\/div>\n\t\t\t\t<\/div>\n\t\t\t\t\t<\/div>\n\t\t<\/div>\n\t\t\t\t<div class=\"elementor-column elementor-col-20 elementor-top-column elementor-element elementor-element-c87cd90\" data-id=\"c87cd90\" data-element_type=\"column\" data-e-type=\"column\">\n\t\t\t<div class=\"elementor-widget-wrap elementor-element-populated\">\n\t\t\t\t\t\t<div class=\"elementor-element elementor-element-2ee8806 elementor-widget elementor-widget-image\" data-id=\"2ee8806\" data-element_type=\"widget\" data-e-type=\"widget\" data-widget_type=\"image.default\">\n\t\t\t\t<div class=\"elementor-widget-container\">\n\t\t\t\t\t\t\t\t\t\t\t\t\t\t\t<img loading=\"lazy\" decoding=\"async\" width=\"369\" height=\"111\" src=\"https:\/\/rare.univ-avignon.fr\/wp-content\/uploads\/sites\/18\/2019\/04\/renater.png\" class=\"attachment-large size-large wp-image-56\" alt=\"\" srcset=\"https:\/\/rare.univ-avignon.fr\/wp-content\/uploads\/sites\/18\/2019\/04\/renater.png 369w, https:\/\/rare.univ-avignon.fr\/wp-content\/uploads\/sites\/18\/2019\/04\/renater-300x90.png 300w\" sizes=\"(max-width: 369px) 100vw, 369px\" \/>\t\t\t\t\t\t\t\t\t\t\t\t\t\t\t<\/div>\n\t\t\t\t<\/div>\n\t\t\t\t\t<\/div>\n\t\t<\/div>\n\t\t\t\t<div class=\"elementor-column elementor-col-20 elementor-top-column elementor-element elementor-element-770b6e7\" data-id=\"770b6e7\" data-element_type=\"column\" data-e-type=\"column\">\n\t\t\t<div class=\"elementor-widget-wrap elementor-element-populated\">\n\t\t\t\t\t\t<div class=\"elementor-element elementor-element-6b85cab elementor-widget elementor-widget-image\" data-id=\"6b85cab\" data-element_type=\"widget\" data-e-type=\"widget\" data-widget_type=\"image.default\">\n\t\t\t\t<div class=\"elementor-widget-container\">\n\t\t\t\t\t\t\t\t\t\t\t\t\t\t\t<img loading=\"lazy\" decoding=\"async\" width=\"284\" height=\"121\" src=\"https:\/\/rare.univ-avignon.fr\/wp-content\/uploads\/sites\/18\/2019\/04\/ue.png\" class=\"attachment-large size-large wp-image-57\" alt=\"\" \/>\t\t\t\t\t\t\t\t\t\t\t\t\t\t\t<\/div>\n\t\t\t\t<\/div>\n\t\t\t\t\t<\/div>\n\t\t<\/div>\n\t\t\t\t<div class=\"elementor-column elementor-col-20 elementor-top-column elementor-element elementor-element-f970a39\" data-id=\"f970a39\" data-element_type=\"column\" data-e-type=\"column\">\n\t\t\t<div class=\"elementor-widget-wrap elementor-element-populated\">\n\t\t\t\t\t\t<div class=\"elementor-element elementor-element-62157cf elementor-widget elementor-widget-image\" data-id=\"62157cf\" data-element_type=\"widget\" data-e-type=\"widget\" data-widget_type=\"image.default\">\n\t\t\t\t<div class=\"elementor-widget-container\">\n\t\t\t\t\t\t\t\t\t\t\t\t\t\t\t<img loading=\"lazy\" decoding=\"async\" width=\"654\" height=\"219\" src=\"https:\/\/rare.univ-avignon.fr\/wp-content\/uploads\/sites\/18\/2019\/04\/Logo_84_vaucluse.jpg\" class=\"attachment-large size-large wp-image-54\" alt=\"Logo du CD84\" srcset=\"https:\/\/rare.univ-avignon.fr\/wp-content\/uploads\/sites\/18\/2019\/04\/Logo_84_vaucluse.jpg 912w, https:\/\/rare.univ-avignon.fr\/wp-content\/uploads\/sites\/18\/2019\/04\/Logo_84_vaucluse-300x101.jpg 300w, https:\/\/rare.univ-avignon.fr\/wp-content\/uploads\/sites\/18\/2019\/04\/Logo_84_vaucluse-768x258.jpg 768w\" sizes=\"(max-width: 654px) 100vw, 654px\" \/>\t\t\t\t\t\t\t\t\t\t\t\t\t\t\t<\/div>\n\t\t\t\t<\/div>\n\t\t\t\t\t<\/div>\n\t\t<\/div>\n\t\t\t\t\t<\/div>\n\t\t<\/section>\n\t\t\t\t<section class=\"elementor-section elementor-top-section elementor-element elementor-element-ce6d5bb elementor-section-boxed elementor-section-height-default elementor-section-height-default\" data-id=\"ce6d5bb\" data-element_type=\"section\" data-e-type=\"section\">\n\t\t\t\t\t\t<div class=\"elementor-container elementor-column-gap-default\">\n\t\t\t\t\t<div class=\"elementor-column elementor-col-100 elementor-top-column elementor-element elementor-element-bbd7e02\" data-id=\"bbd7e02\" data-element_type=\"column\" data-e-type=\"column\">\n\t\t\t<div class=\"elementor-widget-wrap elementor-element-populated\">\n\t\t\t\t\t\t<section class=\"elementor-section elementor-inner-section elementor-element elementor-element-a669dc1 elementor-section-boxed elementor-section-height-default elementor-section-height-default\" data-id=\"a669dc1\" data-element_type=\"section\" data-e-type=\"section\">\n\t\t\t\t\t\t<div class=\"elementor-container elementor-column-gap-default\">\n\t\t\t\t\t<div class=\"elementor-column elementor-col-50 elementor-inner-column elementor-element elementor-element-f79fc83\" data-id=\"f79fc83\" data-element_type=\"column\" data-e-type=\"column\">\n\t\t\t<div class=\"elementor-widget-wrap\">\n\t\t\t\t\t\t\t<\/div>\n\t\t<\/div>\n\t\t\t\t<div class=\"elementor-column elementor-col-50 elementor-inner-column elementor-element elementor-element-17c20d2\" data-id=\"17c20d2\" data-element_type=\"column\" data-e-type=\"column\">\n\t\t\t<div class=\"elementor-widget-wrap\">\n\t\t\t\t\t\t\t<\/div>\n\t\t<\/div>\n\t\t\t\t\t<\/div>\n\t\t<\/section>\n\t\t\t\t\t<\/div>\n\t\t<\/div>\n\t\t\t\t\t<\/div>\n\t\t<\/section>\n\t\t\t\t<\/div>\n\t\t","protected":false},"excerpt":{"rendered":"<p>RARE, le R\u00e9seau Avignonnais pour la Recherche et l&rsquo;Enseignement permet de f\u00e9d\u00e9rer les infrastructures de t\u00e9l\u00e9communication pour la communaut\u00e9 recherche \/ enseignement sur Avignon et les pays de Vaucluse. Les \u00e9tablissements d&rsquo;Avignon Universit\u00e9, de l&rsquo;Acad\u00e9mie d&rsquo;Aix-Marseille, de Aix Marseille Universit\u00e9 (AMU), de l&rsquo;institut national de la recherche pour l&rsquo;agriculture, l&rsquo;alimentation et l&rsquo;environnement (INRAE), du CROUS&#8230;<\/p>\n","protected":false},"author":127,"featured_media":0,"parent":0,"menu_order":0,"comment_status":"closed","ping_status":"closed","template":"page-templates\/full-width.php","meta":{"footnotes":""},"class_list":["post-117","page","type-page","status-publish","hentry"],"_links":{"self":[{"href":"https:\/\/rare.univ-avignon.fr\/index.php?rest_route=\/wp\/v2\/pages\/117","targetHints":{"allow":["GET"]}}],"collection":[{"href":"https:\/\/rare.univ-avignon.fr\/index.php?rest_route=\/wp\/v2\/pages"}],"about":[{"href":"https:\/\/rare.univ-avignon.fr\/index.php?rest_route=\/wp\/v2\/types\/page"}],"author":[{"embeddable":true,"href":"https:\/\/rare.univ-avignon.fr\/index.php?rest_route=\/wp\/v2\/users\/127"}],"replies":[{"embeddable":true,"href":"https:\/\/rare.univ-avignon.fr\/index.php?rest_route=%2Fwp%2Fv2%2Fcomments&post=117"}],"version-history":[{"count":33,"href":"https:\/\/rare.univ-avignon.fr\/index.php?rest_route=\/wp\/v2\/pages\/117\/revisions"}],"predecessor-version":[{"id":341,"href":"https:\/\/rare.univ-avignon.fr\/index.php?rest_route=\/wp\/v2\/pages\/117\/revisions\/341"}],"wp:attachment":[{"href":"https:\/\/rare.univ-avignon.fr\/index.php?rest_route=%2Fwp%2Fv2%2Fmedia&parent=117"}],"curies":[{"name":"wp","href":"https:\/\/api.w.org\/{rel}","templated":true}]}}